{"id":1108,"date":"2017-05-14T16:19:37","date_gmt":"2017-05-14T16:19:37","guid":{"rendered":"https:\/\/www.lukasardotegia.eus\/ipar-3\/"},"modified":"2023-01-24T09:04:44","modified_gmt":"2023-01-24T09:04:44","slug":"ipar-3","status":"publish","type":"page","link":"https:\/\/www.lukasardotegia.eus\/es\/ipar-3\/","title":{"rendered":"IPAR 3 &#8211; VINOTECA  ZARAUTZ"},"content":{"rendered":"<p>[et_pb_section fb_built=\u00bb1&#8243; _builder_version=\u00bb4.16&#8243; background_color=\u00bb#3d405b\u00bb custom_padding=\u00bb0px||60px||false|false\u00bb transparent_background=\u00bboff\u00bb global_colors_info=\u00bb{}\u00bb][et_pb_row _builder_version=\u00bb4.16&#8243; background_size=\u00bbinitial\u00bb background_position=\u00bbtop_left\u00bb background_repeat=\u00bbrepeat\u00bb custom_margin=\u00bb80px||30px|\u00bb global_colors_info=\u00bb{}\u00bb][et_pb_column type=\u00bb4_4&#8243; _builder_version=\u00bb4.16&#8243; custom_padding=\u00bb|||\u00bb global_colors_info=\u00bb{}\u00bb custom_padding__hover=\u00bb|||\u00bb][et_pb_text admin_label=\u00bbIpar 3&#8243; _builder_version=\u00bb4.16&#8243; header_font=\u00bbCalligraffitti|on|||\u00bb header_text_color=\u00bb#ffffff\u00bb header_font_size=\u00bb36px\u00bb background_color=\u00bb#3d405b\u00bb background_size=\u00bbinitial\u00bb background_position=\u00bbtop_left\u00bb background_repeat=\u00bbrepeat\u00bb custom_margin=\u00bb0px||||false|false\u00bb animation_style=\u00bbbounce\u00bb use_border_color=\u00bboff\u00bb global_colors_info=\u00bb{}\u00bb]<\/p>\n<h1 style=\"text-align: center;\">Ipar 3<\/h1>\n<p>[\/et_pb_text][\/et_pb_column][\/et_pb_row][\/et_pb_section][et_pb_section fb_built=\u00bb1&#8243; _builder_version=\u00bb4.16&#8243; custom_padding=\u00bb0|0px|0|0px|false|false\u00bb transparent_background=\u00bboff\u00bb global_colors_info=\u00bb{}\u00bb][et_pb_row _builder_version=\u00bb4.16&#8243; background_size=\u00bbinitial\u00bb background_position=\u00bbtop_left\u00bb background_repeat=\u00bbrepeat\u00bb global_colors_info=\u00bb{}\u00bb][et_pb_column type=\u00bb4_4&#8243; _builder_version=\u00bb4.16&#8243; custom_padding=\u00bb|||\u00bb global_colors_info=\u00bb{}\u00bb custom_padding__hover=\u00bb|||\u00bb][et_pb_gallery _builder_version=\u00bb4.9.4&#8243; _module_preset=\u00bbdefault\u00bb fullwidth=\u00bbon\u00bb gallery_ids=\u00bb7660,7670,7672,7668,7674,7664,7658,7662,7676,7666&#8243; hover_enabled=\u00bb0&#8243; sticky_enabled=\u00bb0&#8243;][\/et_pb_gallery][\/et_pb_column][\/et_pb_row][\/et_pb_section][et_pb_section fb_built=\u00bb1&#8243; _builder_version=\u00bb4.16&#8243; background_color=\u00bb#ffffff\u00bb custom_padding=\u00bb113px|0px|54px|0px|false|false\u00bb transparent_background=\u00bboff\u00bb global_colors_info=\u00bb{}\u00bb][et_pb_row column_structure=\u00bb1_4,1_2,1_4&#8243; _builder_version=\u00bb4.16&#8243; background_size=\u00bbinitial\u00bb background_position=\u00bbtop_left\u00bb background_repeat=\u00bbrepeat\u00bb custom_padding=\u00bb0|0px|27px|0px|false|false\u00bb global_colors_info=\u00bb{}\u00bb][et_pb_column type=\u00bb1_4&#8243; _builder_version=\u00bb4.16&#8243; custom_padding=\u00bb|||\u00bb global_colors_info=\u00bb{}\u00bb custom_padding__hover=\u00bb|||\u00bb][\/et_pb_column][et_pb_column type=\u00bb1_2&#8243; _builder_version=\u00bb4.16&#8243; custom_padding=\u00bb|||\u00bb global_colors_info=\u00bb{}\u00bb custom_padding__hover=\u00bb|||\u00bb][et_pb_text admin_label=\u00bbZENTZUMENENTZAT LEKU BIKAINA DUZU GURE ETXEA\u00bb _builder_version=\u00bb4.17.6&#8243; background_size=\u00bbinitial\u00bb background_position=\u00bbtop_left\u00bb background_repeat=\u00bbrepeat\u00bb custom_margin=\u00bb50px|||\u00bb hover_enabled=\u00bb0&#8243; global_colors_info=\u00bb{}\u00bb sticky_enabled=\u00bb0&#8243;]<\/p>\n<h4 style=\"text-align: center;\">\u00a1UN LUGAR PARA LOS SENTIDOS!<\/h4>\n<p>Te invitamos a nuestra vinoteca de Lukas Ardotegia. En un ambiente acogedor y agradable podr\u00e1s catar entre una amplia gama de vinos acompa\u00f1ados de unos maravillosos pinchos: la fant\u00e1stica tortilla de patata, el pincho especial de salm\u00f3n relleno, platos de jam\u00f3n ib\u00e9rico de bellota, pulpo a la Gallega, calamares, revuelto de hongos\u2026<\/p>\n<p style=\"text-align: center;\"><em>El lugar apropiado para disfrutar con todos los sentidos \ud83d\ude09<\/em><\/p>\n<p>[\/et_pb_text][\/et_pb_column][et_pb_column type=\u00bb1_4&#8243; _builder_version=\u00bb4.16&#8243; custom_padding=\u00bb|||\u00bb global_colors_info=\u00bb{}\u00bb custom_padding__hover=\u00bb|||\u00bb][\/et_pb_column][\/et_pb_row][et_pb_row _builder_version=\u00bb4.16&#8243; background_size=\u00bbinitial\u00bb background_position=\u00bbtop_left\u00bb background_repeat=\u00bbrepeat\u00bb global_colors_info=\u00bb{}\u00bb][et_pb_column type=\u00bb4_4&#8243; _builder_version=\u00bb4.16&#8243; custom_padding=\u00bb|||\u00bb global_colors_info=\u00bb{}\u00bb custom_padding__hover=\u00bb|||\u00bb][et_pb_text admin_label=\u00bbArtea eta Ardoa\u00bb _builder_version=\u00bb4.16&#8243; background_size=\u00bbinitial\u00bb background_position=\u00bbtop_left\u00bb background_repeat=\u00bbrepeat\u00bb use_border_color=\u00bboff\u00bb border_color=\u00bb#ffffff\u00bb border_style=\u00bbsolid\u00bb global_colors_info=\u00bb{}\u00bb]<\/p>\n<h1 class=\"sarrera-lukas-ardotegia-h1\" style=\"text-align: center;\">A &amp; V<\/h1>\n<h6 style=\"text-align: center;\">Artea\u00a0y Vino<\/h6>\n<p>[\/et_pb_text][et_pb_text _builder_version=\u00bb4.16&#8243; background_size=\u00bbinitial\u00bb background_position=\u00bbtop_left\u00bb background_repeat=\u00bbrepeat\u00bb border_style=\u00bbsolid\u00bb global_colors_info=\u00bb{}\u00bb]<\/p>\n<h3 style=\"text-align: center;\">Cuando el tiempo es un tesoro, crea espacios para una grata compa\u00f1ia y un gran vino<\/h3>\n<p>&nbsp;<\/p>\n<p style=\"text-align: center;\">Disfruta de la perfecta combinaci\u00f3n del arte y el vino en nuestra casa.<\/p>\n<p>[\/et_pb_text][\/et_pb_column][\/et_pb_row][\/et_pb_section][et_pb_section fb_built=\u00bb1&#8243; _builder_version=\u00bb4.16&#8243; background_color=\u00bb#8e8e8e\u00bb global_colors_info=\u00bb{}\u00bb][et_pb_row _builder_version=\u00bb4.16&#8243; background_size=\u00bbinitial\u00bb background_position=\u00bbtop_left\u00bb background_repeat=\u00bbrepeat\u00bb global_colors_info=\u00bb{}\u00bb][et_pb_column type=\u00bb4_4&#8243; _builder_version=\u00bb4.16&#8243; custom_padding=\u00bb|||\u00bb global_colors_info=\u00bb{}\u00bb custom_padding__hover=\u00bb|||\u00bb][et_pb_button button_url=\u00bbhttps:\/\/www.lukasardotegia.eus\/es\/arte-vino\/\u00bb button_text=\u00bbENTRAR EN LA ZONA DE EXPOSICIONES\u00bb button_alignment=\u00bbcenter\u00bb _builder_version=\u00bb4.16&#8243; custom_button=\u00bbon\u00bb button_bg_color=\u00bb#3d405b\u00bb button_border_width=\u00bb0px\u00bb background_layout=\u00bbdark\u00bb global_colors_info=\u00bb{}\u00bb][\/et_pb_button][\/et_pb_column][\/et_pb_row][\/et_pb_section][et_pb_section fb_built=\u00bb1&#8243; fullwidth=\u00bbon\u00bb disabled_on=\u00bbon||\u00bb _builder_version=\u00bb4.16&#8243; background_color=\u00bb#ffffff\u00bb parallax=\u00bbon\u00bb custom_padding=\u00bb20px||20px|\u00bb transparent_background=\u00bboff\u00bb global_colors_info=\u00bb{}\u00bb][et_pb_fullwidth_code _builder_version=\u00bb4.16&#8243; global_colors_info=\u00bb{}\u00bb]<ul class=\"kiwi-logo-carousel kiwi-logo-carousel-bodegak default align-center col4\"><li style=\"height:113px;\" ><div class=\"helper\" style=\"height:113px; width:150px;\" ><img decoding=\"async\" src=\"https:\/\/www.lukasardotegia.eus\/wp-content\/uploads\/2017\/05\/katxina-lukas.jpg\" alt=\"Katxina\" title=\"Katxina\" style=\"max-width:150px; padding-left: 7.5px; padding-right:7.5px\" ><\/div><\/li><li style=\"height:113px;\" ><div class=\"helper\" style=\"height:113px; width:150px;\" ><img decoding=\"async\" src=\"https:\/\/www.lukasardotegia.eus\/wp-content\/uploads\/2017\/05\/aalto.jpg\" alt=\"AALTO\" title=\"AALTO\" style=\"max-width:150px; padding-left: 7.5px; padding-right:7.5px\" ><\/div><\/li><li style=\"height:113px;\" ><div class=\"helper\" style=\"height:113px; width:150px;\" ><img decoding=\"async\" src=\"https:\/\/www.lukasardotegia.eus\/wp-content\/uploads\/2017\/05\/alion.jpg\" alt=\"ALION\" title=\"ALION\" style=\"max-width:150px; padding-left: 7.5px; padding-right:7.5px\" ><\/div><\/li><li style=\"height:113px;\" ><div class=\"helper\" style=\"height:113px; width:150px;\" ><img decoding=\"async\" src=\"https:\/\/www.lukasardotegia.eus\/wp-content\/uploads\/2017\/05\/amaren.jpg\" alt=\"AMAREN\" title=\"AMAREN\" style=\"max-width:150px; padding-left: 7.5px; padding-right:7.5px\" ><\/div><\/li><li style=\"height:113px;\" ><div class=\"helper\" style=\"height:113px; width:150px;\" ><img decoding=\"async\" src=\"https:\/\/www.lukasardotegia.eus\/wp-content\/uploads\/2017\/05\/Azpilicueta.jpg\" alt=\"Azpilicueta\" title=\"Azpilicueta\" style=\"max-width:150px; padding-left: 7.5px; padding-right:7.5px\" ><\/div><\/li><li style=\"height:113px;\" ><div class=\"helper\" style=\"height:113px; width:150px;\" ><img decoding=\"async\" src=\"https:\/\/www.lukasardotegia.eus\/wp-content\/uploads\/2017\/05\/baron-de-ley.jpg\" alt=\"Baron de Ley\" title=\"Baron de Ley\" style=\"max-width:150px; padding-left: 7.5px; padding-right:7.5px\" ><\/div><\/li><li style=\"height:113px;\" ><div class=\"helper\" style=\"height:113px; width:150px;\" ><img decoding=\"async\" src=\"https:\/\/www.lukasardotegia.eus\/wp-content\/uploads\/2017\/05\/bujanda.jpg\" alt=\"Vi\u00f1a Bujanda\" title=\"Vi\u00f1a Bujanda\" style=\"max-width:150px; padding-left: 7.5px; padding-right:7.5px\" ><\/div><\/li><li style=\"height:113px;\" ><div class=\"helper\" style=\"height:113px; width:150px;\" ><img decoding=\"async\" src=\"https:\/\/www.lukasardotegia.eus\/wp-content\/uploads\/2017\/05\/castillo-monjardin.jpg\" alt=\"Castillo Monjardin\" title=\"Castillo Monjardin\" style=\"max-width:150px; padding-left: 7.5px; padding-right:7.5px\" ><\/div><\/li><li style=\"height:113px;\" ><div class=\"helper\" style=\"height:113px; width:150px;\" ><img decoding=\"async\" src=\"https:\/\/www.lukasardotegia.eus\/wp-content\/uploads\/2017\/05\/cayr.jpg\" alt=\"Cayr\" title=\"Cayr\" style=\"max-width:150px; padding-left: 7.5px; padding-right:7.5px\" ><\/div><\/li><li style=\"height:113px;\" ><div class=\"helper\" style=\"height:113px; width:150px;\" ><img decoding=\"async\" src=\"https:\/\/www.lukasardotegia.eus\/wp-content\/uploads\/2017\/05\/emilio-moro.jpg\" alt=\"Emilio Moro\" title=\"Emilio Moro\" style=\"max-width:150px; padding-left: 7.5px; padding-right:7.5px\" ><\/div><\/li><li style=\"height:113px;\" ><div class=\"helper\" style=\"height:113px; width:150px;\" ><img decoding=\"async\" src=\"https:\/\/www.lukasardotegia.eus\/wp-content\/uploads\/2017\/05\/epifanio-rivera.jpg\" alt=\"Bodegas Epifanio Rivera\" title=\"Bodegas Epifanio Rivera\" style=\"max-width:150px; padding-left: 7.5px; padding-right:7.5px\" ><\/div><\/li><li style=\"height:113px;\" ><div class=\"helper\" style=\"height:113px; width:150px;\" ><img decoding=\"async\" src=\"https:\/\/www.lukasardotegia.eus\/wp-content\/uploads\/2017\/05\/finca-valpiedra.jpg\" alt=\"Finca Valpiedra\" title=\"Finca Valpiedra\" style=\"max-width:150px; padding-left: 7.5px; padding-right:7.5px\" ><\/div><\/li><li style=\"height:113px;\" ><div class=\"helper\" style=\"height:113px; width:150px;\" ><img decoding=\"async\" src=\"https:\/\/www.lukasardotegia.eus\/wp-content\/uploads\/2017\/05\/finca-villacreces.jpg\" alt=\"Finca Villacreces\" title=\"Finca Villacreces\" style=\"max-width:150px; padding-left: 7.5px; padding-right:7.5px\" ><\/div><\/li><li style=\"height:113px;\" ><div class=\"helper\" style=\"height:113px; width:150px;\" ><img decoding=\"async\" src=\"https:\/\/www.lukasardotegia.eus\/wp-content\/uploads\/2017\/05\/gil-berzal.jpg\" alt=\"Gil Berzal\" title=\"Gil Berzal\" style=\"max-width:150px; padding-left: 7.5px; padding-right:7.5px\" ><\/div><\/li><li style=\"height:113px;\" ><div class=\"helper\" style=\"height:113px; width:150px;\" ><img decoding=\"async\" src=\"https:\/\/www.lukasardotegia.eus\/wp-content\/uploads\/2017\/05\/inurrieta.jpg\" alt=\"I\u00f1urrieta\" title=\"I\u00f1urrieta\" style=\"max-width:150px; padding-left: 7.5px; padding-right:7.5px\" ><\/div><\/li><li style=\"height:113px;\" ><div class=\"helper\" style=\"height:113px; width:150px;\" ><img decoding=\"async\" src=\"https:\/\/www.lukasardotegia.eus\/wp-content\/uploads\/2017\/05\/izadi.jpg\" alt=\"Izadi\" title=\"Izadi\" style=\"max-width:150px; padding-left: 7.5px; padding-right:7.5px\" ><\/div><\/li><li style=\"height:113px;\" ><div class=\"helper\" style=\"height:113px; width:150px;\" ><img decoding=\"async\" src=\"https:\/\/www.lukasardotegia.eus\/wp-content\/uploads\/2017\/05\/lan-bodega.jpg\" alt=\"Lan\" title=\"Lan\" style=\"max-width:150px; padding-left: 7.5px; padding-right:7.5px\" ><\/div><\/li><li style=\"height:113px;\" ><div class=\"helper\" style=\"height:113px; width:150px;\" ><img decoding=\"async\" src=\"https:\/\/www.lukasardotegia.eus\/wp-content\/uploads\/2017\/05\/mauro.jpg\" alt=\"Bodegas Mauro\" title=\"Bodegas Mauro\" style=\"max-width:150px; padding-left: 7.5px; padding-right:7.5px\" ><\/div><\/li><li style=\"height:113px;\" ><div class=\"helper\" style=\"height:113px; width:150px;\" ><img decoding=\"async\" src=\"https:\/\/www.lukasardotegia.eus\/wp-content\/uploads\/2017\/05\/pago-carraovejas.jpg\" alt=\"Pago de Carraovejas\" title=\"Pago de Carraovejas\" style=\"max-width:150px; padding-left: 7.5px; padding-right:7.5px\" ><\/div><\/li><li style=\"height:113px;\" ><div class=\"helper\" style=\"height:113px; width:150px;\" ><img decoding=\"async\" src=\"https:\/\/www.lukasardotegia.eus\/wp-content\/uploads\/2017\/05\/pago-de-cirsus.jpg\" alt=\"Pago de Cirsus\" title=\"Pago de Cirsus\" style=\"max-width:150px; padding-left: 7.5px; padding-right:7.5px\" ><\/div><\/li><li style=\"height:113px;\" ><div class=\"helper\" style=\"height:113px; width:150px;\" ><img decoding=\"async\" src=\"https:\/\/www.lukasardotegia.eus\/wp-content\/uploads\/2017\/05\/patrocionio.jpg\" alt=\"Bodegas Patrocinio\" title=\"Bodegas Patrocinio\" style=\"max-width:150px; padding-left: 7.5px; padding-right:7.5px\" ><\/div><\/li><li style=\"height:113px;\" ><div class=\"helper\" style=\"height:113px; width:150px;\" ><img decoding=\"async\" src=\"https:\/\/www.lukasardotegia.eus\/wp-content\/uploads\/2017\/05\/remelluri.jpg\" alt=\"Remelluri\" title=\"Remelluri\" style=\"max-width:150px; padding-left: 7.5px; padding-right:7.5px\" ><\/div><\/li><li style=\"height:113px;\" ><div class=\"helper\" style=\"height:113px; width:150px;\" ><img decoding=\"async\" src=\"https:\/\/www.lukasardotegia.eus\/wp-content\/uploads\/2017\/05\/tarsus.jpg\" alt=\"Tarsus\" title=\"Tarsus\" style=\"max-width:150px; padding-left: 7.5px; padding-right:7.5px\" ><\/div><\/li><li style=\"height:113px;\" ><div class=\"helper\" style=\"height:113px; width:150px;\" ><img decoding=\"async\" src=\"https:\/\/www.lukasardotegia.eus\/wp-content\/uploads\/2017\/05\/tomas-postigo.jpg\" alt=\"Tom\u00e1s Postigo\" title=\"Tom\u00e1s Postigo\" style=\"max-width:150px; padding-left: 7.5px; padding-right:7.5px\" ><\/div><\/li><li style=\"height:113px;\" ><div class=\"helper\" style=\"height:113px; width:150px;\" ><img decoding=\"async\" src=\"https:\/\/www.lukasardotegia.eus\/wp-content\/uploads\/2017\/05\/valserrano.jpg\" alt=\"Valserrano\" title=\"Valserrano\" style=\"max-width:150px; padding-left: 7.5px; padding-right:7.5px\" ><\/div><\/li><li style=\"height:113px;\" ><div class=\"helper\" style=\"height:113px; width:150px;\" ><img decoding=\"async\" src=\"https:\/\/www.lukasardotegia.eus\/wp-content\/uploads\/2017\/05\/valtravieso.jpg\" alt=\"Bodegas Valtravieso\" title=\"Bodegas Valtravieso\" style=\"max-width:150px; padding-left: 7.5px; padding-right:7.5px\" ><\/div><\/li><li style=\"height:113px;\" ><div class=\"helper\" style=\"height:113px; width:150px;\" ><img decoding=\"async\" src=\"https:\/\/www.lukasardotegia.eus\/wp-content\/uploads\/2017\/05\/vega-sicilia.jpg\" alt=\"Vega Sicilia\" title=\"Vega Sicilia\" style=\"max-width:150px; padding-left: 7.5px; padding-right:7.5px\" ><\/div><\/li><li style=\"height:113px;\" ><div class=\"helper\" style=\"height:113px; width:150px;\" ><img decoding=\"async\" src=\"https:\/\/www.lukasardotegia.eus\/wp-content\/uploads\/2017\/05\/vizcarra.jpg\" alt=\"Vizcarra\" title=\"Vizcarra\" style=\"max-width:150px; padding-left: 7.5px; padding-right:7.5px\" ><\/div><\/li><li style=\"height:113px;\" ><div class=\"helper\" style=\"height:113px; width:150px;\" ><img decoding=\"async\" src=\"https:\/\/www.lukasardotegia.eus\/wp-content\/uploads\/2017\/05\/ysios.jpg\" alt=\"Ysios\" title=\"Ysios\" style=\"max-width:150px; padding-left: 7.5px; padding-right:7.5px\" ><\/div><\/li><li style=\"height:113px;\" ><div class=\"helper\" style=\"height:113px; width:150px;\" ><img decoding=\"async\" src=\"https:\/\/www.lukasardotegia.eus\/wp-content\/uploads\/2017\/05\/zintzo.jpg\" alt=\"Zintzo\" title=\"Zintzo\" style=\"max-width:150px; padding-left: 7.5px; padding-right:7.5px\" ><\/div><\/li><li style=\"height:113px;\" ><div class=\"helper\" style=\"height:113px; width:150px;\" ><img decoding=\"async\" src=\"https:\/\/www.lukasardotegia.eus\/wp-content\/uploads\/2018\/12\/dominio-de-berzal.jpg\" alt=\"Dominio de Berzal\" title=\"Dominio de Berzal\" style=\"max-width:150px; padding-left: 7.5px; padding-right:7.5px\" ><\/div><\/li><li style=\"height:113px;\" ><div class=\"helper\" style=\"height:113px; width:150px;\" ><img decoding=\"async\" src=\"https:\/\/www.lukasardotegia.eus\/wp-content\/uploads\/2017\/04\/baigorri-lukas.jpg\" alt=\"Baigorri\" title=\"Baigorri\" style=\"max-width:150px; padding-left: 7.5px; padding-right:7.5px\" ><\/div><\/li><li style=\"height:113px;\" ><div class=\"helper\" style=\"height:113px; width:150px;\" ><img decoding=\"async\" src=\"https:\/\/www.lukasardotegia.eus\/wp-content\/uploads\/2017\/04\/luis-alegre-lukas.jpg\" alt=\"Luis Alegre\" title=\"Luis Alegre\" style=\"max-width:150px; padding-left: 7.5px; padding-right:7.5px\" ><\/div><\/li><li style=\"height:113px;\" ><div class=\"helper\" style=\"height:113px; width:150px;\" ><img decoding=\"async\" src=\"https:\/\/www.lukasardotegia.eus\/wp-content\/uploads\/2017\/04\/luis-canas-lukas.jpg\" alt=\"Luis Ca\u00f1as\" title=\"Luis Ca\u00f1as\" style=\"max-width:150px; padding-left: 7.5px; padding-right:7.5px\" ><\/div><\/li><li style=\"height:113px;\" ><div class=\"helper\" style=\"height:113px; width:150px;\" ><img decoding=\"async\" src=\"https:\/\/www.lukasardotegia.eus\/wp-content\/uploads\/2017\/04\/txomin-etxaniz-lukas.jpg\" alt=\"Txomin Etxaniz\" title=\"Txomin Etxaniz\" style=\"max-width:150px; padding-left: 7.5px; padding-right:7.5px\" ><\/div><\/li><li style=\"height:113px;\" ><div class=\"helper\" style=\"height:113px; width:150px;\" ><img decoding=\"async\" src=\"https:\/\/www.lukasardotegia.eus\/wp-content\/uploads\/2017\/04\/bodegak5-lukas.jpg\" alt=\"Bodega K5\" title=\"Bodega K5\" style=\"max-width:150px; padding-left: 7.5px; padding-right:7.5px\" ><\/div><\/li><li style=\"height:113px;\" ><div class=\"helper\" style=\"height:113px; width:150px;\" ><img decoding=\"async\" src=\"https:\/\/www.lukasardotegia.eus\/wp-content\/uploads\/2017\/04\/veuve-clicquot-lukas.jpg\" alt=\"Veuve clicquot\" title=\"Veuve clicquot\" style=\"max-width:150px; padding-left: 7.5px; padding-right:7.5px\" ><\/div><\/li><\/ul>[\/et_pb_fullwidth_code][\/et_pb_section][et_pb_section fb_built=\u00bb1&#8243; _builder_version=\u00bb4.16&#8243; background_color=\u00bb#f7f7f7&#8243; transparent_background=\u00bboff\u00bb global_colors_info=\u00bb{}\u00bb][et_pb_row _builder_version=\u00bb4.16&#8243; background_size=\u00bbinitial\u00bb background_position=\u00bbtop_left\u00bb background_repeat=\u00bbrepeat\u00bb global_colors_info=\u00bb{}\u00bb][et_pb_column type=\u00bb4_4&#8243; _builder_version=\u00bb4.16&#8243; custom_padding=\u00bb|||\u00bb global_colors_info=\u00bb{}\u00bb custom_padding__hover=\u00bb|||\u00bb][et_pb_image src=\u00bbhttps:\/\/www.lukasardotegia.eus\/wp-content\/uploads\/2020\/07\/artwine-textura-400&#215;348-1.png\u00bb alt=\u00bbArtea &amp; Vino Lukas Ardotegia\u00bb title_text=\u00bbArtea &amp; Vino Lukas Ardotegia\u00bb url=\u00bbhttps:\/\/www.lukasardotegia.eus\/es\/arte-vino\/\u00bb align=\u00bbcenter\u00bb align_tablet=\u00bbcenter\u00bb align_phone=\u00bb\u00bb align_last_edited=\u00bbon|desktop\u00bb _builder_version=\u00bb4.16&#8243; animation_style=\u00bbslide\u00bb animation_direction=\u00bbbottom\u00bb animation_duration=\u00bb500ms\u00bb animation_intensity_slide=\u00bb10%\u00bb use_border_color=\u00bboff\u00bb border_color=\u00bb#ffffff\u00bb border_style=\u00bbsolid\u00bb sticky=\u00bboff\u00bb global_colors_info=\u00bb{}\u00bb][\/et_pb_image][et_pb_text admin_label=\u00bbArt &#038; Wine\u00bb _builder_version=\u00bb4.16&#8243; header_font=\u00bbCalligraffitti||||\u00bb header_line_height=\u00bb1.8em\u00bb background_size=\u00bbinitial\u00bb background_position=\u00bbtop_left\u00bb background_repeat=\u00bbrepeat\u00bb use_border_color=\u00bboff\u00bb border_color=\u00bb#ffffff\u00bb border_style=\u00bbsolid\u00bb global_colors_info=\u00bb{}\u00bb]<\/p>\n<h1 style=\"text-align: center;\"><a href=\"https:\/\/www.lukasardotegia.eus\/es\/arte-vino\/\">Arte &amp; Vino<\/a><\/h1>\n<p>[\/et_pb_text][\/et_pb_column][\/et_pb_row][\/et_pb_section]<\/p>\n<span class=\"et_bloom_bottom_trigger\"><\/span>","protected":false},"excerpt":{"rendered":"<p>Ipar 3\u00a1UN LUGAR PARA LOS SENTIDOS! Te invitamos a nuestra vinoteca de Lukas Ardotegia. En un ambiente acogedor y agradable podr\u00e1s catar entre una amplia gama de vinos acompa\u00f1ados de unos maravillosos pinchos: la fant\u00e1stica tortilla de patata, el pincho especial de salm\u00f3n relleno, platos de jam\u00f3n ib\u00e9rico de bellota, pulpo a la Gallega, calamares, [&hellip;]<\/p>\n","protected":false},"author":1,"featured_media":0,"parent":0,"menu_order":0,"comment_status":"closed","ping_status":"closed","template":"","meta":{"_et_pb_use_builder":"on","_et_pb_old_content":"","_et_gb_content_width":"","footnotes":""},"class_list":["post-1108","page","type-page","status-publish","hentry"],"_links":{"self":[{"href":"https:\/\/www.lukasardotegia.eus\/es\/wp-json\/wp\/v2\/pages\/1108","targetHints":{"allow":["GET"]}}],"collection":[{"href":"https:\/\/www.lukasardotegia.eus\/es\/wp-json\/wp\/v2\/pages"}],"about":[{"href":"https:\/\/www.lukasardotegia.eus\/es\/wp-json\/wp\/v2\/types\/page"}],"author":[{"embeddable":true,"href":"https:\/\/www.lukasardotegia.eus\/es\/wp-json\/wp\/v2\/users\/1"}],"replies":[{"embeddable":true,"href":"https:\/\/www.lukasardotegia.eus\/es\/wp-json\/wp\/v2\/comments?post=1108"}],"version-history":[{"count":116,"href":"https:\/\/www.lukasardotegia.eus\/es\/wp-json\/wp\/v2\/pages\/1108\/revisions"}],"predecessor-version":[{"id":8757,"href":"https:\/\/www.lukasardotegia.eus\/es\/wp-json\/wp\/v2\/pages\/1108\/revisions\/8757"}],"wp:attachment":[{"href":"https:\/\/www.lukasardotegia.eus\/es\/wp-json\/wp\/v2\/media?parent=1108"}],"curies":[{"name":"wp","href":"https:\/\/api.w.org\/{rel}","templated":true}]}}