{"id":2186,"date":"2017-09-13T18:43:37","date_gmt":"2017-09-13T18:43:37","guid":{"rendered":"https:\/\/www.lukasardotegia.eus\/?page_id=2186\/"},"modified":"2023-04-26T08:41:49","modified_gmt":"2023-04-26T08:41:49","slug":"politica-de-cookies","status":"publish","type":"page","link":"https:\/\/www.lukasardotegia.eus\/es\/politica-de-cookies\/","title":{"rendered":"Pol\u00edtica de cookies"},"content":{"rendered":"<p>[et_pb_section fb_built=\u00bb1&#8243; _builder_version=\u00bb4.16&#8243; global_colors_info=\u00bb{}\u00bb][et_pb_row _builder_version=\u00bb4.16&#8243; background_size=\u00bbinitial\u00bb background_position=\u00bbtop_left\u00bb background_repeat=\u00bbrepeat\u00bb hover_enabled=\u00bb0&#8243; global_colors_info=\u00bb{}\u00bb sticky_enabled=\u00bb0&#8243;][et_pb_column type=\u00bb4_4&#8243; _builder_version=\u00bb4.16&#8243; custom_padding=\u00bb|||\u00bb global_colors_info=\u00bb{}\u00bb custom_padding__hover=\u00bb|||\u00bb][et_pb_text module_class=\u00bbneretabla\u00bb _builder_version=\u00bb4.17.6&#8243; text_font=\u00bb||||||||\u00bb hover_enabled=\u00bb0&#8243; global_colors_info=\u00bb{}\u00bb sticky_enabled=\u00bb0&#8243;]<\/p>\n<h1>\u00a0POL\u00cdTICA DE COOKIES<\/h1>\n<p>&nbsp;<\/p>\n<p><strong><em>\u00a0<\/em><\/strong>Una Cookie es un fichero que se descarga en su ordenador al acceder a determinadas p\u00e1ginas web. Las cookies permiten a una p\u00e1gina web, entre otras cosas, almacenar y recuperar informaci\u00f3n sobre los h\u00e1bitos de navegaci\u00f3n de un usuario o de su equipo y, dependiendo de la informaci\u00f3n que contenga y de la forma en que utilice su equipo, pueden utilizarse para reconocer al usuario.<\/p>\n<p>Las cookies son esenciales para el funcionamiento de internet, aportando innumerables ventajas en la prestaci\u00f3n de servicios interactivos, facilit\u00e1ndole la navegaci\u00f3n y usabilidad de nuestra web.<br \/>\nLa informaci\u00f3n que le proporcionamos a continuaci\u00f3n, le ayudar\u00e1 a comprender los diferentes tipos de cookies:[\/et_pb_text][\/et_pb_column][\/et_pb_row][et_pb_row _builder_version=\u00bb4.16&#8243; custom_margin=\u00bb||0px\u00bb custom_padding=\u00bb||0px\u00bb global_colors_info=\u00bb{}\u00bb][et_pb_column type=\u00bb4_4&#8243; _builder_version=\u00bb4.16&#8243; custom_padding=\u00bb|||\u00bb global_colors_info=\u00bb{}\u00bb custom_padding__hover=\u00bb|||\u00bb][et_pb_text _builder_version=\u00bb4.16&#8243; global_colors_info=\u00bb{}\u00bb]<\/p>\n<h3>TIPOS DE COOKIES<\/h3>\n<p>[\/et_pb_text][\/et_pb_column][\/et_pb_row][et_pb_row _builder_version=\u00bb4.16&#8243; global_colors_info=\u00bb{}\u00bb][et_pb_column type=\u00bb4_4&#8243; _builder_version=\u00bb4.16&#8243; custom_padding=\u00bb|||\u00bb global_colors_info=\u00bb{}\u00bb custom_padding__hover=\u00bb|||\u00bb][et_pb_tabs _builder_version=\u00bb4.17.6&#8243; hover_enabled=\u00bb0&#8243; global_colors_info=\u00bb{}\u00bb sticky_enabled=\u00bb0&#8243;][et_pb_tab title=\u00bbTIPO1&#8243; _builder_version=\u00bb4.17.6&#8243; hover_enabled=\u00bb0&#8243; global_colors_info=\u00bb{}\u00bb sticky_enabled=\u00bb0&#8243;]<\/p>\n<h5>SEG\u00daN LA ENTIDAD QUE LA GESTIONE<\/h5>\n<ul>\n<li><em>Cookies propias :<\/em> Son aquellas que se env\u00edan al equipo terminal del usuario desde un equipo o dominio gestionado por el propio editor y desde el que se presta el servicio solicitado por el usuario.<\/li>\n<li><em>Cookies de tercero:<\/em> Son aquellas que se env\u00edan al equipo terminal del usuario desde un equipo o dominio que no es gestionado por el editor, sino por otra entidad que trata los datos obtenidos a trav\u00e9s de las cookies.<\/li>\n<\/ul>\n<p>[\/et_pb_tab][et_pb_tab title=\u00bbTIPO2&#8243; _builder_version=\u00bb4.17.6&#8243; hover_enabled=\u00bb0&#8243; global_colors_info=\u00bb{}\u00bb sticky_enabled=\u00bb0&#8243;]<\/p>\n<h5>SEG\u00daN EL PLAZO DE TIEMPO QUE PERMANEZCAN ACTIVADAS<\/h5>\n<ul>\n<li><em>Cookies de sesi\u00f3n :<\/em> Son aquellas dise\u00f1adas para recabar y almacenar datos mientras el usuario accede a una p\u00e1gina web. Se suelen emplear para almacenar informaci\u00f3n que solo interesa conservar para la prestaci\u00f3n del servicio solicitado por el usuario en una sola ocasi\u00f3n (por ejemplo, una lista de productos adquiridos) y desaparecen al terminar la sesi\u00f3n.<\/li>\n<li><em>Cookies persistentes:<\/em> Son aquellas en las que los datos siguen almacenados en el terminal y pueden ser accedidos y tratados durante un periodo definido por el responsable de la cookie, y que puede ir de unos minutos a varios a\u00f1os.<\/li>\n<\/ul>\n<p>[\/et_pb_tab][et_pb_tab title=\u00bbTIPO3&#8243; _builder_version=\u00bb4.17.6&#8243; hover_enabled=\u00bb0&#8243; global_colors_info=\u00bb{}\u00bb sticky_enabled=\u00bb0&#8243;]<\/p>\n<h5>SEG\u00daN SU FINALIDAD<\/h5>\n<ul>\n<li><em>Cookies t\u00e9cnicas:<\/em> Son aquellas que permiten al usuario la navegaci\u00f3n a trav\u00e9s de una p\u00e1gina web, plataforma o aplicaci\u00f3n y la utilizaci\u00f3n de las diferentes opciones o servicios que en ella existan.<\/li>\n<li><em>Cookies de personalizaci\u00f3n:<\/em> Permiten aplicar caracter\u00edsticas propias para la navegaci\u00f3n del usuario por el website (Ej. idioma).<\/li>\n<li><em>Cookies de an\u00e1lisis :<\/em> Son aquellas que permiten al responsable de las mismas el seguimiento y an\u00e1lisis del comportamiento de los usuarios de los sitios web a los que est\u00e1n vinculadas, incluida la cuantificaci\u00f3n de los impactos de los anuncios. La informaci\u00f3n recogida mediante este tipo de cookies se utiliza en la medici\u00f3n de la actividad de los sitios web, aplicaci\u00f3n o plataforma, con el fin de introducir mejoras en funci\u00f3n del an\u00e1lisis de los datos de uso que hacen los usuarios del servicio.<\/li>\n<li><em>Cookies publicitarias:<\/em> Permiten al editor incluir en la p\u00e1gina web espacios publicitarios, seg\u00fan el contenido de la propia web.<\/li>\n<li><em>Cookies de publicidad comportamental:Son aquellas que almacenan informaci\u00f3n del comportamiento de los usuarios obtenida a trav\u00e9s de la observaci\u00f3n continuada de sus h\u00e1bitos de navegaci\u00f3n, lo que permite desarrollar un perfil espec\u00edfico para mostrar publicidad en funci\u00f3n del mismo.<\/em><\/li>\n<\/ul>\n<p>[\/et_pb_tab][\/et_pb_tabs][\/et_pb_column][\/et_pb_row][et_pb_row _builder_version=\u00bb4.16&#8243; global_colors_info=\u00bb{}\u00bb][et_pb_column type=\u00bb4_4&#8243; _builder_version=\u00bb4.16&#8243; custom_padding=\u00bb|||\u00bb global_colors_info=\u00bb{}\u00bb custom_padding__hover=\u00bb|||\u00bb][et_pb_text _builder_version=\u00bb4.16&#8243; global_colors_info=\u00bb{}\u00bb]Seg\u00fan lo dispuesto en el art\u00edculo 22.2 de la Ley 34\/2002, de 11 de julio, de Servicios de la Sociedad de la Informaci\u00f3n y de Comercio Electr\u00f3nico (LSSI-CE), LUKAS ARDOTEGIA SL informa de las cookies utilizadas en nuestra website:[\/et_pb_text][\/et_pb_column][\/et_pb_row][et_pb_row _builder_version=\u00bb4.16&#8243; custom_margin=\u00bb||0px\u00bb custom_padding=\u00bb||0px\u00bb global_colors_info=\u00bb{}\u00bb][et_pb_column type=\u00bb4_4&#8243; _builder_version=\u00bb4.16&#8243; custom_padding=\u00bb|||\u00bb global_colors_info=\u00bb{}\u00bb custom_padding__hover=\u00bb|||\u00bb][et_pb_text _builder_version=\u00bb4.16&#8243; global_colors_info=\u00bb{}\u00bb]<\/p>\n<h3>TIPOS DE COOKIES<\/h3>\n<p>[\/et_pb_text][\/et_pb_column][\/et_pb_row][et_pb_row _builder_version=\u00bb4.16&#8243; custom_margin=\u00bb||0px\u00bb custom_padding=\u00bb0||0px||false|false\u00bb global_colors_info=\u00bb{}\u00bb][et_pb_column type=\u00bb4_4&#8243; _builder_version=\u00bb4.16&#8243; custom_padding=\u00bb|||\u00bb global_colors_info=\u00bb{}\u00bb custom_padding__hover=\u00bb|||\u00bb][et_pb_text _builder_version=\u00bb4.16&#8243; global_colors_info=\u00bb{}\u00bb][\/et_pb_text][et_pb_tabs _builder_version=\u00bb4.16&#8243; global_colors_info=\u00bb{}\u00bb][et_pb_tab title=\u00bbCookies Propias\u00bb _builder_version=\u00bb4.16&#8243; global_colors_info=\u00bb{}\u00bb]<\/p>\n<h5>FINALIDAD<\/h5>\n<ul>\n<li><em>Cookies t\u00e9cnicas <strong>\u221a<\/strong><\/em><\/li>\n<li><em>Cookies de personalizaci\u00f3n\u00a0<strong>\u221a<\/strong><\/em><\/li>\n<li><em>Cookies de an\u00e1lisis\u00a0<strong>\u221a<\/strong><\/em><\/li>\n<li><em>Cookies publicitarias<\/em><\/li>\n<li><em>Cookies de publicidad comportamental<\/em><\/li>\n<\/ul>\n<p>[\/et_pb_tab][et_pb_tab title=\u00bbCookies de tercero\u00bb _builder_version=\u00bb4.16&#8243; global_colors_info=\u00bb{}\u00bb]<\/p>\n<h5>FINALIDAD<\/h5>\n<ul>\n<li><em>Cookies t\u00e9cnicas <strong>\u221a<\/strong><\/em><\/li>\n<li><em>Cookies de personalizaci\u00f3n\u00a0<strong>\u221a<\/strong><\/em><\/li>\n<li><em>Cookies de an\u00e1lisis\u00a0<strong>\u221a<\/strong><\/em><\/li>\n<li><em>Cookies publicitarias<\/em><\/li>\n<li><em>Cookies de publicidad comportamental<\/em><\/li>\n<\/ul>\n<p>[\/et_pb_tab][et_pb_tab title=\u00bbCookies de sesi\u00f3n\u00bb _builder_version=\u00bb4.16&#8243; global_colors_info=\u00bb{}\u00bb]<\/p>\n<h5>FINALIDAD<\/h5>\n<ul>\n<li><em>Cookies t\u00e9cnicas <strong>\u221a<\/strong><\/em><\/li>\n<li><em>Cookies de personalizaci\u00f3n\u00a0<strong>\u221a<\/strong><\/em><\/li>\n<li><em>Cookies de an\u00e1lisis\u00a0<strong>\u221a<\/strong><\/em><\/li>\n<li><em>Cookies publicitarias<\/em><\/li>\n<li><em>Cookies de publicidad comportamental<\/em><\/li>\n<\/ul>\n<p>[\/et_pb_tab][et_pb_tab title=\u00bbCookies persistentes\u00bb _builder_version=\u00bb4.16&#8243; global_colors_info=\u00bb{}\u00bb]<\/p>\n<h5>FINALIDAD<\/h5>\n<ul>\n<li><em>Cookies t\u00e9cnicas <strong>\u221a<\/strong><\/em><\/li>\n<li><em>Cookies de personalizaci\u00f3n\u00a0<strong>\u221a<\/strong><\/em><\/li>\n<li><em>Cookies de an\u00e1lisis\u00a0<strong>\u221a<\/strong><\/em><\/li>\n<li><em>Cookies publicitarias<\/em><\/li>\n<li><em>Cookies de publicidad comportamental<\/em><\/li>\n<\/ul>\n<p>&nbsp;[\/et_pb_tab][\/et_pb_tabs][\/et_pb_column][\/et_pb_row][et_pb_row _builder_version=\u00bb4.16&#8243; global_colors_info=\u00bb{}\u00bb][et_pb_column type=\u00bb4_4&#8243; _builder_version=\u00bb4.16&#8243; custom_padding=\u00bb|||\u00bb global_colors_info=\u00bb{}\u00bb custom_padding__hover=\u00bb|||\u00bb][et_pb_text _builder_version=\u00bb4.16&#8243; global_colors_info=\u00bb{}\u00bb]<strong>Google Analytics:<\/strong> Almacena cookies para poder elaborar estad\u00edsticas sobre el tr\u00e1fico y<br \/>\nvolumen de visitas de esta web. Al utilizar este sitio web est\u00e1 consintiendo el tratamiento de<br \/>\ninformaci\u00f3n acerca de usted por Google. Por tanto, el ejercicio de cualquier derecho en este<br \/>\nsentido deber\u00e1 hacerlo comunicando directamente con Google.<br \/>\nLas cookies de Google Analytics, se almacenan en servidores ubicados en Estados Unidos y<br \/>\nse compromete a no compartirla con terceros, excepto en los casos en los que sea necesario<br \/>\npara el funcionamiento del sistema o cuando la ley obligue a tal efecto. Seg\u00fan Google no<br \/>\nguarda su direcci\u00f3n IP.<br \/>\nGoogle Inc. es una compa\u00f1\u00eda adherida a \u201cPrivacy Shiels\u201d (escudo de privacidad) que<br \/>\ngarantiza que todos los datos transferidos ser\u00e1n tratados con un nivel de protecci\u00f3n acorde a<br \/>\nla normativa europea. Puede consultar informaci\u00f3n detallada a este respecto a trav\u00e9s del<br \/>\nsiguiente enlace: <a href=\"https:\/\/support.google.com\/analytics\/answer\/6004245\">https:\/\/support.google.com\/analytics\/answer\/6004245<\/a>.<br \/>\nSi lo desea puede utilizar el Complemento de inhabilitaci\u00f3n para navegadores de Google<br \/>\nAnalytics a trav\u00e9s de cuyas instrucciones pueden rechazarse las cookies anal\u00edticas de dicho<br \/>\nservicio en todos los navegadores. Puede consultar m\u00e1s informaci\u00f3n al respecto en el<br \/>\nsiguiente enlace: <a href=\"https:\/\/tools.google.com\/dlpage\/gaoptout\">https:\/\/tools.google.com\/dlpage\/gaoptout<\/a><\/p>\n<p>&nbsp;[\/et_pb_text][\/et_pb_column][\/et_pb_row][et_pb_row module_id=\u00bbconfigurarcookie\u00bb _builder_version=\u00bb4.16&#8243; global_colors_info=\u00bb{}\u00bb][et_pb_column type=\u00bb4_4&#8243; _builder_version=\u00bb4.16&#8243; custom_padding=\u00bb|||\u00bb global_colors_info=\u00bb{}\u00bb custom_padding__hover=\u00bb|||\u00bb][et_pb_text _builder_version=\u00bb4.17.6&#8243; hover_enabled=\u00bb0&#8243; global_colors_info=\u00bb{}\u00bb sticky_enabled=\u00bb0&#8243;]Asimismo, LUKAS ARDOTEGIA SL informa al usuario de que tiene la posibilidad de <strong>configurar su<\/strong><br \/>\n<strong> navegador<\/strong> de modo que se le informe de la recepci\u00f3n de cookies, pudiendo, si as\u00ed lo desea, impedir<br \/>\nque sean instaladas en su disco duro.<br \/>\nA continuaci\u00f3n le proporcionamos los enlaces de diversos navegadores, a trav\u00e9s de los cuales podr\u00e1<br \/>\nrealizar dicha configuraci\u00f3n:<\/p>\n<p>\uf0a7 Firefox desde aqu\u00ed: <a href=\"http:\/\/support.mozilla.org\/es\/kb\/habilitar-y-deshabilitar-cookies-que-los-sitios-we\">http:\/\/support.mozilla.org\/es\/kb\/habilitar-y-deshabilitar-cookies-que-los-sitios-we<\/a><\/p>\n<p>\uf0a7 Chrome desde aqu\u00ed: <a href=\"http:\/\/support.google.com\/chrome\/bin\/answer.py?hl=es&amp;answer=95647\">http:\/\/support.google.com\/chrome\/bin\/answer.py?hl=es&amp;answer=95647<\/a><\/p>\n<p>\uf0a7 Explorer desde aqu\u00ed: <a href=\"http:\/\/windows.microsoft.com\/es-es\/internet-explorer\/delete-manage-%20cookies#ie=ie-10\">http:\/\/windows.microsoft.com\/es-es\/internet-explorer\/delete-manage-<\/a><br \/>\n<a href=\"http:\/\/windows.microsoft.com\/es-es\/internet-explorer\/delete-manage-%20cookies#ie=ie-10\">cookies#ie=ie-10<\/a><\/p>\n<p>\uf0a7 Safari desde aqu\u00ed: <a href=\"https:\/\/support.apple.com\/kb\/ph17191?locale=es_ES\">https:\/\/support.apple.com\/kb\/ph17191?locale=es_ES<\/a><br \/>\n\uf0a7 Opera desde aqu\u00ed:\u00a0<a href=\"https:\/\/help.opera.com\/en\/latest\/web-preferences\/\">https:\/\/help.opera.com\/en\/latest\/web-preferences\/<\/a>[\/et_pb_text][\/et_pb_column][\/et_pb_row][\/et_pb_section]<\/p>\n<span class=\"et_bloom_bottom_trigger\"><\/span>","protected":false},"excerpt":{"rendered":"<p>\u00a0POL\u00cdTICA DE COOKIES &nbsp; \u00a0Una Cookie es un fichero que se descarga en su ordenador al acceder a determinadas p\u00e1ginas web. Las cookies permiten a una p\u00e1gina web, entre otras cosas, almacenar y recuperar informaci\u00f3n sobre los h\u00e1bitos de navegaci\u00f3n de un usuario o de su equipo y, dependiendo de la informaci\u00f3n que contenga y [&hellip;]<\/p>\n","protected":false},"author":1,"featured_media":0,"parent":0,"menu_order":0,"comment_status":"closed","ping_status":"closed","template":"","meta":{"_et_pb_use_builder":"on","_et_pb_old_content":"","_et_gb_content_width":"","footnotes":""},"class_list":["post-2186","page","type-page","status-publish","hentry"],"_links":{"self":[{"href":"https:\/\/www.lukasardotegia.eus\/es\/wp-json\/wp\/v2\/pages\/2186","targetHints":{"allow":["GET"]}}],"collection":[{"href":"https:\/\/www.lukasardotegia.eus\/es\/wp-json\/wp\/v2\/pages"}],"about":[{"href":"https:\/\/www.lukasardotegia.eus\/es\/wp-json\/wp\/v2\/types\/page"}],"author":[{"embeddable":true,"href":"https:\/\/www.lukasardotegia.eus\/es\/wp-json\/wp\/v2\/users\/1"}],"replies":[{"embeddable":true,"href":"https:\/\/www.lukasardotegia.eus\/es\/wp-json\/wp\/v2\/comments?post=2186"}],"version-history":[{"count":10,"href":"https:\/\/www.lukasardotegia.eus\/es\/wp-json\/wp\/v2\/pages\/2186\/revisions"}],"predecessor-version":[{"id":8769,"href":"https:\/\/www.lukasardotegia.eus\/es\/wp-json\/wp\/v2\/pages\/2186\/revisions\/8769"}],"wp:attachment":[{"href":"https:\/\/www.lukasardotegia.eus\/es\/wp-json\/wp\/v2\/media?parent=2186"}],"curies":[{"name":"wp","href":"https:\/\/api.w.org\/{rel}","templated":true}]}}