{"id":4832,"date":"2019-02-10T18:40:10","date_gmt":"2019-02-10T18:40:10","guid":{"rendered":"https:\/\/www.lukasardotegia.eus\/condiciones-de-uso\/"},"modified":"2023-05-08T11:03:36","modified_gmt":"2023-05-08T11:03:36","slug":"condiciones-de-uso","status":"publish","type":"page","link":"https:\/\/www.lukasardotegia.eus\/es\/condiciones-de-uso\/","title":{"rendered":"Pol\u00edtica de privacidad"},"content":{"rendered":"<p>[et_pb_section fb_built=\u00bb1&#8243; _builder_version=\u00bb4.16&#8243; global_colors_info=\u00bb{}\u00bb][et_pb_row _builder_version=\u00bb4.16&#8243; background_size=\u00bbinitial\u00bb background_position=\u00bbtop_left\u00bb background_repeat=\u00bbrepeat\u00bb global_colors_info=\u00bb{}\u00bb][et_pb_column type=\u00bb4_4&#8243; _builder_version=\u00bb4.16&#8243; custom_padding=\u00bb|||\u00bb global_colors_info=\u00bb{}\u00bb custom_padding__hover=\u00bb|||\u00bb][et_pb_text module_class=\u00bbneretabla\u00bb _builder_version=\u00bb4.17.6&#8243; text_font=\u00bb||||||||\u00bb hover_enabled=\u00bb0&#8243; global_colors_info=\u00bb{}\u00bb sticky_enabled=\u00bb0&#8243;]<\/p>\n<h1>POLITICA DE PRIVACIDAD<\/h1>\n<p>Datos del propietario de la web:<\/p>\n<p>RAZ\u00d3N SOCIAL LUKAS ARDOTEGIA SL<\/p>\n<p>NIF B20632196<\/p>\n<p>DIRECCI\u00d3N POSTAL HEGOALDE 12 20800, ZARAUTZ (GUIP\u00daZCOA)<\/p>\n<p>DIRECCI\u00d3N ELECTR\u00d3NICA zarautz@lukasardotegia.eus<\/p>\n<p>TEL\u00c9FONOS 943132253<\/p>\n<p>REGISTRO MERCANTIL tomo 1704, folio 170, hoja SS-14487<\/p>\n<p>Protecci\u00f3n de datos<\/p>\n<p>De conformidad con la normativa vigente y aplicable en protecci\u00f3n de datos de car\u00e1cter personal, le informamos que sus datos ser\u00e1n incorporados al sistema de tratamiento titularidad de LUKAS ARDOTEGIA SL con NIF B20632196 y domicilio social sito en HEGOALDE 12 20800, ZARAUTZ (GUIP\u00daZCOA), y que a continuaci\u00f3n se relacionan sus respectivas finalidades, plazos de conservaci\u00f3n y bases legitimadoras. Para aquellos tratamientos que lo requieran, se informa tambi\u00e9n de la posible elaboraci\u00f3n de perfiles y decisiones automatizadas, as\u00ed como las posibles cesiones y las transferencias internacionales que LUKAS ARDOTEGIA SL tiene previsto realizar:<\/p>\n<p>TRATAMIENTOS REALIZADOS<\/p>\n<p>Gesti\u00f3n de la p\u00e1gina web<\/p>\n<p>Finalidad: Tratamiento y gesti\u00f3n de los datos necesarios para la funcionalidad de la p\u00e1gina web<\/p>\n<p>Plazo de conservaci\u00f3n: mientras perdure el consentimiento prestado<\/p>\n<p>Base leg\u00edtima: El consentimiento del interesado<\/p>\n<p>Tipolog\u00eda de Datos: Datos meramente identificativos<\/p>\n<p>Cesiones: No se prev\u00e9n<\/p>\n<p>Transferencias internacionales: No se prev\u00e9n<\/p>\n<p>Elaboraciones de perfiles: No se prev\u00e9n<\/p>\n<p>Formulario web<\/p>\n<p>Finalidad: Atender sus consultas y\/o solicitudes<\/p>\n<p>Plazo de conservaci\u00f3n: mientras se mantenga el consentimiento prestado.<\/p>\n<p>Base leg\u00edtima: El consentimiento del interesado<\/p>\n<p>Tipolog\u00eda de Datos: Datos meramente identificativos<\/p>\n<p>Cesiones: Ninguna<\/p>\n<p>Transferencias internacionales: No se prev\u00e9n<\/p>\n<p>Elaboraciones de perfiles: No se prev\u00e9n<\/p>\n<p>Gesti\u00f3n del cumplimiento normativo<\/p>\n<p>Finalidad: Gesti\u00f3n y tramitaci\u00f3n de las obligaciones y deberes que se deriven del cumplimiento de la normativa a la cual est\u00e1 sujeta la entidad<\/p>\n<p>Plazo de conservaci\u00f3n: conservaci\u00f3n de las copias de los documentos hasta que<\/p>\n<p>prescriban las acciones para reclamarle una posible responsabilidad<\/p>\n<p>Base leg\u00edtima: El cumplimiento de una ley<\/p>\n<p>Tipolog\u00eda de Datos: Datos meramente identificativos<\/p>\n<p>Cesiones: sus datos ser\u00e1n comunicados en caso de ser necesario a Organismos y\/o administraci\u00f3n p\u00fablica con competencia en la materia con la finalidad de cumplir con las obligaciones establecidas en la normativa aplicable. Adem\u00e1s, se informa que la base legitimadora de la cesi\u00f3n es cumplir con las obligaciones establecidas en la normativa aplicable<\/p>\n<p>Transferencias internacionales: No se prev\u00e9n<\/p>\n<p>Elaboraciones de perfiles: No se prev\u00e9n<\/p>\n<p>Acciones Comerciales<\/p>\n<p>Finalidad: Captaci\u00f3n, registro y tratamiento de datos con finalidades de publicidad y<\/p>\n<p>prospecci\u00f3n comercial de nuestros productos y\/o servicios<\/p>\n<p>Plazo de conservaci\u00f3n: mientras se mantenga el consentimiento prestado<\/p>\n<p>Base leg\u00edtima: El consentimiento del interesado<\/p>\n<p>Tipolog\u00eda de Datos: Datos meramente identificativos<\/p>\n<p>Cesiones: Ninguna<\/p>\n<p>Transferencias internacionales: No se prev\u00e9n<\/p>\n<p>Elaboraciones de perfiles: No se prev\u00e9n<\/p>\n<p>Gesti\u00f3n de la compra<\/p>\n<p>Finalidad: Captaci\u00f3n, registro y tratamiento de datos con la finalidad de gestionar su<\/p>\n<p>compra, as\u00ed como para el correcto desarrollo, cumplimiento y ejecuci\u00f3n del contrato entre<\/p>\n<p>ambas partes<\/p>\n<p>Plazo de conservaci\u00f3n: durante el plazo necesario para gestionar la compra de los<\/p>\n<p>productos o servicios adquiridos incluyendo posibles devoluciones, quejas o reclamaciones<\/p>\n<p>asociadas a la compra del producto o servicio en particular<\/p>\n<p>Base leg\u00edtima: La ejecuci\u00f3n de un contrato<\/p>\n<p>Tipolog\u00eda de Datos: Datos meramente identificativos<\/p>\n<p>Cesiones: sus datos podr\u00e1n ser comunicados en caso de ser necesario a empresas que subvencionen los concursos, premios y\/o promociones<\/p>\n<p>Transferencias internacionales: No se prev\u00e9n<\/p>\n<p>Elaboraciones de perfiles: No se prev\u00e9n<\/p>\n<p>Gesti\u00f3n econ\u00f3mica y administrativa<\/p>\n<p>Finalidad: Gesti\u00f3n administrativa, facturaci\u00f3n, contabilidad y obligaciones legales<\/p>\n<p>Plazo de conservaci\u00f3n: 5 a\u00f1os en cumplimiento de la ley tributaria y 10 a\u00f1os la<\/p>\n<p>documentaci\u00f3n fiscal en cumplimiento de la L.O.7\/2012<\/p>\n<p>Base leg\u00edtima: El consentimiento del interesado<\/p>\n<p>Tipolog\u00eda de Datos: Datos meramente identificativos<\/p>\n<p>Cesiones: sus datos ser\u00e1n comunicados en caso de ser necesario a Agencia Tributaria, Bancos, Cajas y Organismos y\/o administraci\u00f3n p\u00fablica con competencia en la materia con la finalidad de cumplir con las obligaciones tributarias y fiscales establecidas en la normativa aplicable. Adem\u00e1s, se informa que la base legitimadora de la cesi\u00f3n es cumplir con las obligaciones establecidas en la normativa aplicable<\/p>\n<p>Transferencias internacionales: No se prev\u00e9n<\/p>\n<p>Elaboraciones de perfiles: No se prev\u00e9n<\/p>\n<p>Gesti\u00f3n del formulario web enviar comentario<\/p>\n<p>Finalidad: Gestionar los comentarios dirigidos a la entidad<\/p>\n<p>Plazo de conservaci\u00f3n: mientras se mantenga el consentimiento prestado<\/p>\n<p>Base leg\u00edtima El consentimiento del interesado<\/p>\n<p>Tipolog\u00eda de Datos: Datos meramente identificativos<\/p>\n<p>Cesiones: Ninguna<\/p>\n<p>Transferencias internacionales: No se prev\u00e9n<\/p>\n<p>Elaboraciones de perfiles: No se prev\u00e9n<\/p>\n<p>Derechos de los interesados<\/p>\n<p>LUKAS ARDOTEGIA SL informa a los Usuarios que, podr\u00e1 ejercer los derechos de acceso, rectificaci\u00f3n,<\/p>\n<p>limitaci\u00f3n, supresi\u00f3n, portabilidad y oposici\u00f3n al tratamiento de sus datos de car\u00e1cter personal ante el<\/p>\n<p>Responsable del Tratamiento, as\u00ed como a la retirada del consentimiento prestado.<\/p>\n<p>Derecho de Acceso: Es el derecho del usuario a obtener informaci\u00f3n sobre sus datos concretos de car\u00e1cter personal y del tratamiento que se haya realizado o realice, as\u00ed como de la informaci\u00f3n disponible sobre el origen de dichos datos y las comunicaciones realizadas o previstas de los mismos.<br \/>\nDerecho de Rectificaci\u00f3n: Es el derecho del afectado a que se modifiquen los datos que resulten ser inexactos o incompletos. S\u00f3lo podr\u00e1 satisfacerse en relaci\u00f3n a aquella informaci\u00f3n que se encuentre bajo el control de la APP, por ejemplo, eliminar comentarios publicados en la propia p\u00e1gina, im\u00e1genes o contenidos web donde consten datos de car\u00e1cter personal del usuario.<br \/>\nDerecho a la Limitaci\u00f3n de tratamiento: Es el derecho a que se limiten los fines del tratamiento previstos de forma original por el responsable del tratamiento.<br \/>\nDerecho de Supresi\u00f3n: Es el derecho a suprimir los datos de car\u00e1cter personal del usuario, a excepci\u00f3n de lo previsto en el propio RGPD o en otras normativas aplicables que determinen la obligatoriedad de la conservaci\u00f3n de los mismos, en tiempo y forma.<br \/>\nDerecho de portabilidad: El derecho a recibir los datos personales que el usuario, haya facilitado, en un formato estructurado, de uso com\u00fan y lectura mec\u00e1nica, y a transmitirlos a otro responsable.<br \/>\nDerecho de Oposici\u00f3n: Es el derecho del usuario a que no se lleve a cabo el tratamiento de sus datos de car\u00e1cter personal o se cese el tratamiento de los mismos por parte de LUKAS ARDOTEGIA SL.<br \/>\nPara poder ejercer cualquiera de los derechos descritos anteriormente deber\u00e1 cumplir con los siguientes<\/p>\n<p>requisitos:<\/p>\n<p>Presentaci\u00f3n de un escrito a la direcci\u00f3n HEGOALDE 12 20800, ZARAUTZ (GUIP\u00daZCOA) (a la atenci\u00f3n de LUKAS ARDOTEGIA SL) o bien a trav\u00e9s del correo electr\u00f3nico zarautz@lukasardotegia.eus.<br \/>\nEl escrito remitido por el titular de los datos que solicite el ejercicio deber\u00e1 de cumplir los siguientes requisitos legales:<br \/>\nNombre, apellidos del interesado y copia del DNI\/NIE o cualquier documento identificativo. En los excepcionales casos en que se admita la representaci\u00f3n, ser\u00e1 tambi\u00e9n necesaria la identificaci\u00f3n por el mismo medio de la persona que le representa, as\u00ed como el documento acreditativo de la representaci\u00f3n. La fotocopia del DNI podr\u00e1 ser sustituida siempre que se acredite la identidad por cualquier otro medio v\u00e1lido en derecho.<br \/>\nPetici\u00f3n en que se concreta la solicitud. (Ejercicio en el que se solicita la informaci\u00f3n a la que se quiere acceder). Si no hace referencia a un fichero concreto se le facilitar\u00e1 toda la informaci\u00f3n que se tenga con sus datos de car\u00e1cter personal. Si solicita informaci\u00f3n de un fichero en concreto, s\u00f3lo la informaci\u00f3n de este fichero. Si solicita informaci\u00f3n relativa a un tercero nunca se podr\u00e1 facilitar. Si lo solicita por tel\u00e9fono se le indicar\u00e1 que lo haga por escrito y se le informar\u00e1 de c\u00f3mo lo puede hacer y la direcci\u00f3n a la que tiene que enviarlo. Nunca se le dar\u00e1 informaci\u00f3n por tel\u00e9fono.<br \/>\nDomicilio a efectos de notificaciones.<br \/>\nFecha y firma del solicitante.<br \/>\nDocumentos acreditativos de la petici\u00f3n que formula.<br \/>\nEl interesado debe utilizar cualquier medio que permita acreditar el env\u00edo y la recepci\u00f3n de la solicitud.<br \/>\nPor \u00faltimo, le informamos que Usted tiene derecho a presentar una reclamaci\u00f3n ante la Agencia Espa\u00f1ola de Protecci\u00f3n de Datos en caso de que tenga conocimiento o considere que un hecho pueda suponer un incumplimiento de la normativa aplicable en materia de protecci\u00f3n de datos.<\/p>\n<p>LUKAS ARDOTEGIA SL se compromete a adoptar las medidas t\u00e9cnicas y organizativas necesarias, acorde al nivel de riesgos que acompa\u00f1an los tratamientos realizados por \u00e9stas e indicados en el apartado de los t\u00e9rminos y condiciones de uso, de forma que garanticen su integridad, confidencialidad y disponibilidad.<\/p>\n<p>\u00daLTIMA ACTUALIZACI\u00d3N: 24 de noviembre de 2020<\/p>\n<p>Incorporaci\u00f3n de datos personales a los ficheros de LUKAS ARDOTEGIA S.L<br \/>\nDe conformidad con lo establecido en la Ley Org\u00e1nica 15\/1999, de 13 de diciembre, de Protecci\u00f3n de Datos de Car\u00e1cter Personal (en adelante, \u201cLOPD\u201d), se informa que todos los datos personales que el Usuario facilite a trav\u00e9s del sitio web accesible mediante el nombre de dominio www.lukasardotegia.eus y sus subdominios (en adelante, \u201cel Sitio Web\u201d) ser\u00e1n incorporados y tratados en los ficheros titularidad de Lukas Ardotegia S.L (en adelante, \u201cLUKAS ARDOTEGIA\u201d) para las siguientes finalidades: posibilitar la prestaci\u00f3n de los servicios solicitados por el Usuario, as\u00ed como mantenerle informado, incluso por medios electr\u00f3nicos, sobre los productos y servicios de LUKAS ARDOTEGIA quien, de igual forma, podr\u00e1 remitir al Usuario informaci\u00f3n relativa a los productos y servicios de terceras entidades pertenecientes a los sectores textil, moda, ocio y espect\u00e1culos, deportes, alimentaci\u00f3n y bebidas, est\u00e9tica y cuidado personal, telecomunicaciones, financiero, seguros, viajes, inmobiliario, construcci\u00f3n, formaci\u00f3n, gran consumo, automoci\u00f3n, seguridad, energ\u00eda, agua y ONGs. Si no desea recibir este tipo de comunicaciones, puede indicarlo enviando un correo electr\u00f3nico a atencioncliente@LUKAS ARDOTEGIA.eus.<\/p>\n<p>Publicaci\u00f3n de datos personales en el sitio web<br \/>\nEl Usuario sabe y acepta que en caso de realizar comentarios o calificaciones sobre los productos ofrecidos por LUKAS ARDOTEGIA, su nombre de usuario, compuesto por su nombre e inicial del primer apellido, podr\u00e1 ser mostrado al resto de usuarios del Sitio Web.<\/p>\n<p>Ejercicio de derechos<br \/>\nEl Usuario puede ejercer sus derechos de acceso, rectificaci\u00f3n, cancelaci\u00f3n y oposici\u00f3n previstos en la LOPD, mediante una comunicaci\u00f3n escrita dirigida a LUKAS ARDOTEGIA S.L., Hegoalde kalea 10 20800 Zarautz o bien; mediante correo electr\u00f3nico dirigido a zarautz@lukasardotegia.eus<\/p>\n<p>Medidas de seguridad<br \/>\nLos datos personales del Usuario ser\u00e1n tratados por LUKAS ARDOTEGIA bajo la m\u00e1s estricta confidencialidad, aplicando las medidas de seguridad t\u00e9cnicas y organizativas que correspondan de conformidad con el Real Decreto 1720\/2007, de 21 de diciembre, por el que se aprueba el Reglamento de desarrollo de la Ley Org\u00e1nica 15\/1999, de 13 de diciembre, de protecci\u00f3n de datos de car\u00e1cter personal y de acuerdo con el nivel de la tecnolog\u00eda de cada momento.<\/p>\n<p>Prohibici\u00f3n para menores<br \/>\nLos menores de 14 a\u00f1os no deben facilitar sus datos personales a LUKAS ARDOTEGIA sin el previo consentimiento de sus padres o tutores. Por favor, si eres menor pide antes a tus padres o tutores que se pongan en contacto con nosotros.<\/p>\n<p>Comunicaci\u00f3n de datos personales de terceros a LUKAS ARDOTEGIA<br \/>\nAntes de facilitar en el Sitio Web datos personales relativos a terceras personas, el Usuario deber\u00e1 obtener su previo y expreso consentimiento, habi\u00e9ndoles informado de los t\u00e9rminos contenidos en esta Pol\u00edtica de privacidad. El Usuario se obliga a mantener indemne a LUKAS ARDOTEGIA ante cualquier posible reclamaci\u00f3n, pena, multa o sanci\u00f3n que pueda venir obligada a soportar como consecuencia del incumplimiento por parte del Usuario del deber descrito en este p\u00e1rrafo.<\/p>\n<p>Versi\u00f3n revisada el 4 de Mayo de 2018.<\/p>\n<p>&nbsp;[\/et_pb_text][\/et_pb_column][\/et_pb_row][\/et_pb_section]<\/p>\n<span class=\"et_bloom_bottom_trigger\"><\/span>","protected":false},"excerpt":{"rendered":"<p>POLITICA DE PRIVACIDAD Datos del propietario de la web: RAZ\u00d3N SOCIAL LUKAS ARDOTEGIA SL NIF B20632196 DIRECCI\u00d3N POSTAL HEGOALDE 12 20800, ZARAUTZ (GUIP\u00daZCOA) DIRECCI\u00d3N ELECTR\u00d3NICA zarautz@lukasardotegia.eus TEL\u00c9FONOS 943132253 REGISTRO MERCANTIL tomo 1704, folio 170, hoja SS-14487 Protecci\u00f3n de datos De conformidad con la normativa vigente y aplicable en protecci\u00f3n de datos de car\u00e1cter personal, le [&hellip;]<\/p>\n","protected":false},"author":1,"featured_media":0,"parent":0,"menu_order":0,"comment_status":"closed","ping_status":"closed","template":"","meta":{"_et_pb_use_builder":"on","_et_pb_old_content":"","_et_gb_content_width":"","footnotes":""},"class_list":["post-4832","page","type-page","status-publish","hentry"],"_links":{"self":[{"href":"https:\/\/www.lukasardotegia.eus\/es\/wp-json\/wp\/v2\/pages\/4832","targetHints":{"allow":["GET"]}}],"collection":[{"href":"https:\/\/www.lukasardotegia.eus\/es\/wp-json\/wp\/v2\/pages"}],"about":[{"href":"https:\/\/www.lukasardotegia.eus\/es\/wp-json\/wp\/v2\/types\/page"}],"author":[{"embeddable":true,"href":"https:\/\/www.lukasardotegia.eus\/es\/wp-json\/wp\/v2\/users\/1"}],"replies":[{"embeddable":true,"href":"https:\/\/www.lukasardotegia.eus\/es\/wp-json\/wp\/v2\/comments?post=4832"}],"version-history":[{"count":6,"href":"https:\/\/www.lukasardotegia.eus\/es\/wp-json\/wp\/v2\/pages\/4832\/revisions"}],"predecessor-version":[{"id":8781,"href":"https:\/\/www.lukasardotegia.eus\/es\/wp-json\/wp\/v2\/pages\/4832\/revisions\/8781"}],"wp:attachment":[{"href":"https:\/\/www.lukasardotegia.eus\/es\/wp-json\/wp\/v2\/media?parent=4832"}],"curies":[{"name":"wp","href":"https:\/\/api.w.org\/{rel}","templated":true}]}}